{"id":952,"date":"2024-03-27T13:27:17","date_gmt":"2024-03-27T13:27:17","guid":{"rendered":"https:\/\/www.anudi.es\/?page_id=952"},"modified":"2024-03-27T13:27:17","modified_gmt":"2024-03-27T13:27:17","slug":"aviso-legal","status":"publish","type":"page","link":"https:\/\/www.anudi.es\/index.php\/aviso-legal\/","title":{"rendered":"Aviso legal"},"content":{"rendered":"\n<h1 class=\"wp-block-heading\"><strong>Aviso Legal | Politica<\/strong><\/h1>\n\n\n\n<p>&nbsp;ASOCIACI\u00d3N NUEVO D\u00cdA TERUEL (ANUDI) Avenida Sagunto, 46 bajos. Teruel 44002&nbsp; .,&nbsp; no puede asumir ninguna responsabilidad derivada del uso incorrecto, inapropiado o il\u00edcito de la informaci\u00f3n aparecida en la p\u00e1gina de Internet&nbsp;<\/p>\n\n\n\n<p>\u200b<\/p>\n\n\n\n<ul class=\"wp-block-list\">\n<li>La web de&nbsp; ASOCIACI\u00d3N NUEVO D\u00cdA TERUEL (ANUDI) Avenida Sagunto, 46 bajos. Teruel 44002&nbsp; .,&nbsp; tiene como fin dar a conocer al p\u00fablico general las actividades que realiza y los servicios que presta.&nbsp; ASOCIACI\u00d3N NUEVO D\u00cdA TERUEL (ANUDI) Avenida Sagunto, 46 bajos. Teruel 44002&nbsp; .,&nbsp; se reserva la facultad de efectuar, en cualquier momento y sin previo aviso, modificaciones de la informaci\u00f3n contenida en su web.<\/li>\n<\/ul>\n\n\n\n<p>\u200b<\/p>\n\n\n\n<ul class=\"wp-block-list\">\n<li>Con los l\u00edmites establecidos en la ley,&nbsp; ASOCIACI\u00d3N NUEVO D\u00cdA TERUEL (ANUDI) Avenida Sagunto, 46 bajos. Teruel 44002&nbsp; .,&nbsp; no asume ninguna responsabilidad derivada de la falta de veracidad, integridad, actualizaci\u00f3n y precisi\u00f3n de los datos o informaciones que se contienen en sus p\u00e1ginas de Internet. Los contenidos e informaci\u00f3n no vinculan a&nbsp; ASOCIACI\u00d3N NUEVO D\u00cdA TERUEL (ANUDI) Avenida Sagunto, 46 bajos. Teruel 44002&nbsp; .,&nbsp; ni constituyen opiniones, consejos o asesoramiento legal de ning\u00fan tipo pues se trata meramente de un servicio ofrecido con car\u00e1cter informativo y divulgativo. La p\u00e1gina de Internet de&nbsp; ASOCIACI\u00d3N NUEVO D\u00cdA TERUEL (ANUDI) Avenida Sagunto, 46 bajos. Teruel 44002&nbsp; .,&nbsp; puede contener enlaces (links) a otras p\u00e1ginas de terceras partes que&nbsp; ASOCIACI\u00d3N NUEVO D\u00cdA TERUEL (ANUDI) Avenida Sagunto, 46 bajos. Teruel 44002&nbsp; .,&nbsp; no puede controlar. Por lo tanto,&nbsp; ASOCIACI\u00d3N NUEVO D\u00cdA TERUEL (ANUDI) Avenida Sagunto, 46 bajos. Teruel 44002&nbsp; .,&nbsp; no puede asumir responsabilidades por el contenido que pueda aparecer en p\u00e1ginas de terceros. Los textos, im\u00e1genes, sonidos, animaciones, software y el resto de contenidos incluidos en este website son propiedad exclusiva de&nbsp; ASOCIACI\u00d3N NUEVO D\u00cdA TERUEL (ANUDI) Avenida Sagunto, 46 bajos. Teruel 44002&nbsp; .,&nbsp; o sus licenciantes. Cualquier acto de transmisi\u00f3n, distribuci\u00f3n, cesi\u00f3n, reproducci\u00f3n, almacenamiento o comunicaci\u00f3n p\u00fablica total o parcial, debe contar con el consentimiento expreso de&nbsp; ASOCIACI\u00d3N NUEVO D\u00cdA TERUEL (ANUDI) Avenida Sagunto, 46 bajos. Teruel 44002<\/li>\n<\/ul>\n","protected":false},"excerpt":{"rendered":"<p>Aviso Legal | Politica &nbsp;ASOCIACI\u00d3N NUEVO D\u00cdA TERUEL (ANUDI) Avenida Sagunto, 46 bajos. Teruel 44002&nbsp; .,&nbsp; no puede asumir ninguna responsabilidad derivada del uso incorrecto, inapropiado o il\u00edcito de la informaci\u00f3n aparecida en la p\u00e1gina de Internet&nbsp; \u200b \u200b<\/p>\n","protected":false},"author":1,"featured_media":0,"parent":0,"menu_order":0,"comment_status":"closed","ping_status":"closed","template":"","meta":{"footnotes":""},"class_list":["post-952","page","type-page","status-publish","hentry"],"_links":{"self":[{"href":"https:\/\/www.anudi.es\/index.php\/wp-json\/wp\/v2\/pages\/952","targetHints":{"allow":["GET"]}}],"collection":[{"href":"https:\/\/www.anudi.es\/index.php\/wp-json\/wp\/v2\/pages"}],"about":[{"href":"https:\/\/www.anudi.es\/index.php\/wp-json\/wp\/v2\/types\/page"}],"author":[{"embeddable":true,"href":"https:\/\/www.anudi.es\/index.php\/wp-json\/wp\/v2\/users\/1"}],"replies":[{"embeddable":true,"href":"https:\/\/www.anudi.es\/index.php\/wp-json\/wp\/v2\/comments?post=952"}],"version-history":[{"count":1,"href":"https:\/\/www.anudi.es\/index.php\/wp-json\/wp\/v2\/pages\/952\/revisions"}],"predecessor-version":[{"id":953,"href":"https:\/\/www.anudi.es\/index.php\/wp-json\/wp\/v2\/pages\/952\/revisions\/953"}],"wp:attachment":[{"href":"https:\/\/www.anudi.es\/index.php\/wp-json\/wp\/v2\/media?parent=952"}],"curies":[{"name":"wp","href":"https:\/\/api.w.org\/{rel}","templated":true}]}}